{"id":425,"date":"2022-10-23T05:59:18","date_gmt":"2022-10-23T05:59:18","guid":{"rendered":"http:\/\/jarmolius.fi\/wordpress\/?page_id=425"},"modified":"2022-10-23T05:59:54","modified_gmt":"2022-10-23T05:59:54","slug":"suomen-armeija-valmistautuu-tappamaan-suomalaisia-toisinajattelijoita","status":"publish","type":"page","link":"https:\/\/jarmolius.fi\/wordpress\/?page_id=425","title":{"rendered":"Suomen armeija valmistautuu tappamaan suomalaisia toisinajattelijoita."},"content":{"rendered":"\n<p>Suomen kansa ei voi en\u00e4\u00e4 luottaa omaan armeijaansa. Toisin kuin aikoinaan armeija oli kansan oma armeija, nyt se on v\u00e4lineellistetty globaalin politiikan teolle.<\/p>\n\n\n\n<p>Ennen vuotta 2014 ei yksik\u00e4\u00e4n suomalainen voinut edes kuvitella oman armeija alkavan uhata omaa kansaa. Ajatuksena sellainen oli absurdi. Kenraalit, ylempi upseeristo oli luotettavia. He tiesiv\u00e4t teht\u00e4v\u00e4ns\u00e4. Selk\u00e4rangasta. Armeijan teht\u00e4v\u00e4 oli suojella kansaa ja perustuslakia.<\/p>\n\n\n\n<p>Pikku hiljaa luottamus alkoi rakoilla. Armeijan komentokieleksi hyv\u00e4ksyttiin virallisten kielten, suomi ja ruotsi, lis\u00e4ksi natoenglanti. T\u00e4m\u00e4 tapahtui hankittaessa Hornet h\u00e4vitt\u00e4j\u00e4t Yhdysvalloista.<\/p>\n\n\n\n<p>Ensimm\u00e4iset Hornet koneet saapuivat vuonna 1995. Tuoreet sek\u00e4 kokeneet lent\u00e4j\u00e4t l\u00e4hetettiin koulutukseen Yhdysvaltoihin. Sielt\u00e4 koulutuksesta palasi muuttuneita suomalaisia sotilaita. He ottivat k\u00e4skyj\u00e4 vastaan natoenglanniksi.<\/p>\n\n\n\n<p>Suomalaisille ilmeni vuosien mittaan n\u00e4iden koulutusten todellinen teht\u00e4v\u00e4. Se oli aivopesu. Koulutuksen loogisena lopputulemana oli ilmavoimien ensimm\u00e4isen natokielen k\u00e4ytt\u00e4j\u00e4n, Yhdysvalloissa koulutetun eli aivopestyn lent\u00e4j\u00e4n Jarmo Lindbergin ylennys ensin ilmavoimien komentajaksi 2012-14, ja pian koko Suomen armeijan komentajaksi 2014-19.<\/p>\n\n\n\n<p>Komentaja Lindbergin ensity\u00f6 oli siirt\u00e4\u00e4 Suomen armeija Naton alaisuuteen. Syntyi Is\u00e4nt\u00e4maasopimus. Se alisti armeijamme is\u00e4nn\u00e4n, Yhdysvaltojen voimien reserviksi. P\u00f6yt\u00e4kirjan allekirjoitti Suomen puolesta puolustusvoimain komentaja Jarmo Lindberg 4. syyskuuta 2014. Samainen Lindberg, joka oli aivopesty hornetkoulutuksessa vuosia aiemmin.<\/p>\n\n\n\n<p>Vuonna 2014 Suomen armeijan rivit alkoivat rakoilla. Naton k\u00e4ytt\u00e4m\u00e4n komentokielen asema vahvistui, ja vastavuoroisesti Suomen virallisten kielten asema heikkeni. Kenraalikunnassa ja upseeristossa syntyi jako kahteen. Perinteiset Suomelle lojalistit vastaan Naton k\u00e4skyjen toteuttajat. Suomi menetti armeijansa kontrollin.<\/p>\n\n\n\n<p>Nyt Suomen armeija liittoutuu vastoin kansan tahtoa Naton armeijakuntiin. Se on paljon suurempi muutos kuin osataan kuvitella. Armeija muuttuu suomalaisten kansanarmeijasta kansainv\u00e4lisen verkoston osaksi. Samalla kun armeijan is\u00e4nt\u00e4 lopullisesti muuttuu, suomalaiset menett\u00e4v\u00e4t luottamuksen armeijan operaatioihin. Operaatioista tulee sis\u00e4politiikan v\u00e4lineit\u00e4. Ensi maun saimme armeijan piiritt\u00e4ess\u00e4 Uusimaan kev\u00e4\u00e4ll\u00e4 2020 &#8220;koronapandemian&#8221; varjolla. K\u00e4sky erist\u00e4\u00e4 Uusimaa tuli ulkomailta. Suomen valtioneuvosto, Eduskunta ja armeija toteutti k\u00e4skyn.<\/p>\n\n\n\n<p>Nyt on en\u00e4\u00e4 ajankohta lukkoon ly\u00f6m\u00e4tt\u00e4, ellei sekin ole jo p\u00e4\u00e4tetty, kun armeija, joka oli viel\u00e4 1990-luvulla meid\u00e4n kansan oma armeija, alkaa operoida kansaa vastaan. Kaikki merkit on ilmassa, n\u00e4ht\u00e4viss\u00e4, todennettavissa, uskokaa niihin: &#8220;Suomen armeija&#8221; on valmis tappamaan meit\u00e4 suomalaisia.<\/p>\n","protected":false},"excerpt":{"rendered":"<p>Suomen kansa ei voi en\u00e4\u00e4 luottaa omaan armeijaansa. Toisin kuin aikoinaan armeija oli kansan oma armeija, nyt se on v\u00e4lineellistetty globaalin politiikan teolle. Ennen vuotta 2014 ei yksik\u00e4\u00e4n suomalainen voinut edes kuvitella oman armeija alkavan uhata omaa kansaa. Ajatuksena sellainen oli absurdi. Kenraalit, ylempi upseeristo oli luotettavia. He tiesiv\u00e4t teht\u00e4v\u00e4ns\u00e4. Selk\u00e4rangasta. Armeijan teht\u00e4v\u00e4 oli suojella &hellip; <a href=\"https:\/\/jarmolius.fi\/wordpress\/?page_id=425\" class=\"more-link\">Continue reading <span class=\"screen-reader-text\">Suomen armeija valmistautuu tappamaan suomalaisia toisinajattelijoita.<\/span> <span class=\"meta-nav\">&rarr;<\/span><\/a><\/p>\n","protected":false},"author":1,"featured_media":0,"parent":0,"menu_order":0,"comment_status":"closed","ping_status":"closed","template":"","meta":{"footnotes":""},"class_list":["post-425","page","type-page","status-publish","hentry"],"_links":{"self":[{"href":"https:\/\/jarmolius.fi\/wordpress\/index.php?rest_route=\/wp\/v2\/pages\/425","targetHints":{"allow":["GET"]}}],"collection":[{"href":"https:\/\/jarmolius.fi\/wordpress\/index.php?rest_route=\/wp\/v2\/pages"}],"about":[{"href":"https:\/\/jarmolius.fi\/wordpress\/index.php?rest_route=\/wp\/v2\/types\/page"}],"author":[{"embeddable":true,"href":"https:\/\/jarmolius.fi\/wordpress\/index.php?rest_route=\/wp\/v2\/users\/1"}],"replies":[{"embeddable":true,"href":"https:\/\/jarmolius.fi\/wordpress\/index.php?rest_route=%2Fwp%2Fv2%2Fcomments&post=425"}],"version-history":[{"count":2,"href":"https:\/\/jarmolius.fi\/wordpress\/index.php?rest_route=\/wp\/v2\/pages\/425\/revisions"}],"predecessor-version":[{"id":427,"href":"https:\/\/jarmolius.fi\/wordpress\/index.php?rest_route=\/wp\/v2\/pages\/425\/revisions\/427"}],"wp:attachment":[{"href":"https:\/\/jarmolius.fi\/wordpress\/index.php?rest_route=%2Fwp%2Fv2%2Fmedia&parent=425"}],"curies":[{"name":"wp","href":"https:\/\/api.w.org\/{rel}","templated":true}]}}