{"id":24,"date":"2016-06-09T17:53:10","date_gmt":"2016-06-09T17:53:10","guid":{"rendered":"http:\/\/jarmolius.fi\/wordpress\/?page_id=24"},"modified":"2016-06-09T18:29:16","modified_gmt":"2016-06-09T18:29:16","slug":"kahdet-kasvot-seurassani","status":"publish","type":"page","link":"https:\/\/jarmolius.fi\/wordpress\/?page_id=24","title":{"rendered":"Sananen Euroopan tilasta vuonna 2016"},"content":{"rendered":"<p>Eurooppa, sinut maalattiin<\/p>\n<p>kartoille. \u00c4\u00e4riviivasi, Dorian,<\/p>\n<p>sait sis\u00e4llesi\u00a0ihanteen ja syd\u00e4men kasvot.<\/p>\n<p>Ihosi, lihasi, veresi\u00a0Atlantilta\u00a0J\u00e4\u00e4merelle,<\/p>\n<p>rajapuomein verhosit alastomuutesi,<\/p>\n<p>muutuit ihmiseksi varpaista otsaan,<\/p>\n<p>sait miehen ja naisen vartalon.<\/p>\n<p>Sait\u00a0ihmisyyden hyveineen\u00a0ja paheineen.<\/p>\n<p>Kauneutesi ikuistettiin, kahdet kasvosi,<\/p>\n<p>sait Januksen kasvot,<\/p>\n<p>kankaalle jossa tarkoin kosketuksin<\/p>\n<p>voi n\u00e4hd\u00e4 t\u00e4htien muodostaman suun,<\/p>\n<p>h\u00e4mm\u00e4styksesi\u00a0kasvavasta vallasta.<\/p>\n<p>Juopot, el\u00e4m\u00e4\u00e4n kyll\u00e4styneet, hullut,<\/p>\n<p>himon tuoksuiset\u00a0kabinetit Brysseliss\u00e4,<\/p>\n<p>liansiniset\u00a0vallankumoukset Ukrainassa,<\/p>\n<p>raskain vedoin sait\u00a0kahdet kasvot.<\/p>\n<p>Yhdet oikeat ja toiset ikuiset<\/p>\n<p>piirr\u00e4n mieleeni loittonevan\u00a0bussin ikkunasta.<\/p>\n","protected":false},"excerpt":{"rendered":"<p>Eurooppa, sinut maalattiin kartoille. \u00c4\u00e4riviivasi, Dorian, sait sis\u00e4llesi\u00a0ihanteen ja syd\u00e4men kasvot. Ihosi, lihasi, veresi\u00a0Atlantilta\u00a0J\u00e4\u00e4merelle, rajapuomein verhosit alastomuutesi, muutuit ihmiseksi varpaista otsaan, sait miehen ja naisen vartalon. Sait\u00a0ihmisyyden hyveineen\u00a0ja paheineen. Kauneutesi ikuistettiin, kahdet kasvosi, sait Januksen kasvot, kankaalle jossa tarkoin kosketuksin voi n\u00e4hd\u00e4 t\u00e4htien muodostaman suun, h\u00e4mm\u00e4styksesi\u00a0kasvavasta vallasta. Juopot, el\u00e4m\u00e4\u00e4n kyll\u00e4styneet, hullut, himon tuoksuiset\u00a0kabinetit Brysseliss\u00e4, liansiniset\u00a0vallankumoukset &hellip; <a href=\"https:\/\/jarmolius.fi\/wordpress\/?page_id=24\" class=\"more-link\">Continue reading <span class=\"screen-reader-text\">Sananen Euroopan tilasta vuonna 2016<\/span> <span class=\"meta-nav\">&rarr;<\/span><\/a><\/p>\n","protected":false},"author":1,"featured_media":0,"parent":0,"menu_order":0,"comment_status":"closed","ping_status":"closed","template":"","meta":{"footnotes":""},"class_list":["post-24","page","type-page","status-publish","hentry"],"_links":{"self":[{"href":"https:\/\/jarmolius.fi\/wordpress\/index.php?rest_route=\/wp\/v2\/pages\/24","targetHints":{"allow":["GET"]}}],"collection":[{"href":"https:\/\/jarmolius.fi\/wordpress\/index.php?rest_route=\/wp\/v2\/pages"}],"about":[{"href":"https:\/\/jarmolius.fi\/wordpress\/index.php?rest_route=\/wp\/v2\/types\/page"}],"author":[{"embeddable":true,"href":"https:\/\/jarmolius.fi\/wordpress\/index.php?rest_route=\/wp\/v2\/users\/1"}],"replies":[{"embeddable":true,"href":"https:\/\/jarmolius.fi\/wordpress\/index.php?rest_route=%2Fwp%2Fv2%2Fcomments&post=24"}],"version-history":[{"count":10,"href":"https:\/\/jarmolius.fi\/wordpress\/index.php?rest_route=\/wp\/v2\/pages\/24\/revisions"}],"predecessor-version":[{"id":41,"href":"https:\/\/jarmolius.fi\/wordpress\/index.php?rest_route=\/wp\/v2\/pages\/24\/revisions\/41"}],"wp:attachment":[{"href":"https:\/\/jarmolius.fi\/wordpress\/index.php?rest_route=%2Fwp%2Fv2%2Fmedia&parent=24"}],"curies":[{"name":"wp","href":"https:\/\/api.w.org\/{rel}","templated":true}]}}